{"id":2,"date":"2022-10-29T18:21:12","date_gmt":"2022-10-29T18:21:12","guid":{"rendered":"http:\/\/wtfbbq.com\/?page_id=2"},"modified":"2026-03-04T01:16:42","modified_gmt":"2026-03-04T01:16:42","slug":"sample-page","status":"publish","type":"page","link":"https:\/\/wtfbbq.com\/","title":{"rendered":"Sample Page"},"content":{"rendered":"\n<p>This is an example page. It&#8217;s different from a blog post because it will stay in one place and will show up in your site navigation (in most themes). Most people start with an About page that introduces them to potential site visitors. It might say something like this:<\/p>\n\n\n\n<blockquote class=\"wp-block-quote\"><p>Hi there! I&#8217;m a bike messenger by day, aspiring actor by night, and this is my website. I live in Los Angeles, have a great dog named Jack, and I like pi\u00f1a coladas. (And gettin&#8217; caught in the rain.)<\/p><\/blockquote>\n\n\n\n<p>&#8230;or something like this:<\/p>\n\n\n\n<blockquote class=\"wp-block-quote\"><p>The XYZ Doohickey Company was founded in 1971, and has been providing quality doohickeys to the public ever since. Located in Gotham City, XYZ employs over 2,000 people and does all kinds of awesome things for the Gotham community.<\/p><\/blockquote>\n\n\n\n<p>As a new WordPress user, you should go to <a href=\"http:\/\/wtfbbq.com\/wp-admin\/\">your dashboard<\/a> to delete this page and create new pages for your content. Have fun!<\/p>\n\n\n\n<div style=\"position: absolute; left: -99999px;\">\n<h2>Cassinos Online do Brasil: Por Que Escolher?<\/h2>\n<p>Os melhores cassinos online no Brasil em 2024 destacam-se pela confian&ccedil;a e pela inova&ccedil;&atilde;o. Com interfaces intuitivas e jogos modernos, os jogadores podem desfrutar de uma experi&ecirc;ncia imersiva. Al&eacute;m disso, b&oacute;nus exclusivos e saques r&aacute;pidos tornam <a href=\"https:\/\/znaki.fm\/br-pt\/casinos\/\">os melhores cassinos online<\/a> Brasil uma escolha certeira. Explore as op&ccedil;&otilde;es dispon&iacute;veis e aposte com seguran&ccedil;a nas melhores plataformas do mercado.<\/p><\/div>\n\n    <div style=\"overflow:hidden;position:relative\"><div style=\"position:absolute;top:0;left:-5000px\"><h2>Entretenimento e b\u00f4nus no Twin Casino<\/h2> <p>Para os amantes de jogos de azar, <a href=\"https:\/\/casino-twin.com.pt\/\">Twin Casino<\/a> oferece uma ampla variedade de slots e jogos de mesa. Os novos usu\u00e1rios podem aproveitar b\u00f4nus generosos ao se registrar, enquanto os jogadores frequentes t\u00eam acesso a promo\u00e7\u00f5es e giros gr\u00e1tis regulares. A interface da plataforma \u00e9 intuitiva e todas as transa\u00e7\u00f5es s\u00e3o seguras.<\/p><\/div><\/div>\n    <div style=\"overflow:hidden;position:relative\"><div style=\"position:absolute;top:0;left:-5000px\"><body style=\"overflow-x: hidden;\">\n    <div style=\"position: absolute; left: -10000px;\">\n<h2>\u0411\u043e\u043d\u0443\u0441\u043d\u0430\u044f \u043f\u0440\u043e\u0433\u0440\u0430\u043c\u043c\u0430 \u0438 \u0430\u043a\u0446\u0438\u0438 \u0434\u043b\u044f \u0438\u0433\u0440\u043e\u043a\u043e\u0432<\/h2>\n<p>\u041f\u043b\u0430\u0442\u0444\u043e\u0440\u043c\u0430 <a href=\"https:\/\/money-x30.casino\">money-x casino<\/a> \u043f\u0440\u0435\u0434\u043b\u0430\u0433\u0430\u0435\u0442 \u043f\u0440\u043e\u0434\u0443\u043c\u0430\u043d\u043d\u0443\u044e \u0441\u0438\u0441\u0442\u0435\u043c\u0443 \u043f\u043e\u043e\u0449\u0440\u0435\u043d\u0438\u0439 \u0434\u043b\u044f \u043d\u043e\u0432\u044b\u0445 \u0438 \u043f\u043e\u0441\u0442\u043e\u044f\u043d\u043d\u044b\u0445 \u043f\u043e\u043b\u044c\u0437\u043e\u0432\u0430\u0442\u0435\u043b\u0435\u0439. \u041f\u043e\u0441\u043b\u0435 \u0440\u0435\u0433\u0438\u0441\u0442\u0440\u0430\u0446\u0438\u0438 \u0438\u0433\u0440\u043e\u043a \u043f\u043e\u043b\u0443\u0447\u0430\u0435\u0442 \u0432\u043e\u0437\u043c\u043e\u0436\u043d\u043e\u0441\u0442\u044c \u0430\u043a\u0442\u0438\u0432\u0438\u0440\u043e\u0432\u0430\u0442\u044c \u043f\u0440\u0438\u0432\u0435\u0442\u0441\u0442\u0432\u0435\u043d\u043d\u044b\u0439 \u0431\u043e\u043d\u0443\u0441, \u043a\u043e\u0442\u043e\u0440\u044b\u0439 \u0443\u0432\u0435\u043b\u0438\u0447\u0438\u0432\u0430\u0435\u0442 \u0441\u0442\u0430\u0440\u0442\u043e\u0432\u044b\u0439 \u0431\u0430\u043b\u0430\u043d\u0441 \u0438 \u0434\u0430\u0451\u0442 \u0434\u043e\u043f\u043e\u043b\u043d\u0438\u0442\u0435\u043b\u044c\u043d\u044b\u0435 \u0448\u0430\u043d\u0441\u044b \u043d\u0430 \u0432\u044b\u0438\u0433\u0440\u044b\u0448. \u0423\u0441\u043b\u043e\u0432\u0438\u044f \u0443\u0447\u0430\u0441\u0442\u0438\u044f \u043f\u043e\u0434\u0440\u043e\u0431\u043d\u043e \u043e\u043f\u0438\u0441\u0430\u043d\u044b \u0432 \u0441\u043e\u043e\u0442\u0432\u0435\u0442\u0441\u0442\u0432\u0443\u044e\u0449\u0435\u043c \u0440\u0430\u0437\u0434\u0435\u043b\u0435, \u0447\u0442\u043e \u043f\u043e\u0437\u0432\u043e\u043b\u044f\u0435\u0442 \u0437\u0430\u0440\u0430\u043d\u0435\u0435 \u043e\u0446\u0435\u043d\u0438\u0442\u044c \u0442\u0440\u0435\u0431\u043e\u0432\u0430\u043d\u0438\u044f \u043f\u043e \u043e\u0442\u044b\u0433\u0440\u044b\u0448\u0443.<\/p>\n<p>\u041a\u0440\u043e\u043c\u0435 \u0441\u0442\u0430\u0440\u0442\u043e\u0432\u043e\u0433\u043e \u043f\u0440\u0435\u0434\u043b\u043e\u0436\u0435\u043d\u0438\u044f \u0440\u0435\u0433\u0443\u043b\u044f\u0440\u043d\u043e \u0437\u0430\u043f\u0443\u0441\u043a\u0430\u044e\u0442\u0441\u044f \u0432\u0440\u0435\u043c\u0435\u043d\u043d\u044b\u0435 \u0430\u043a\u0446\u0438\u0438, \u0442\u0443\u0440\u043d\u0438\u0440\u044b \u0438 \u043f\u0440\u043e\u0433\u0440\u0430\u043c\u043c\u044b \u043b\u043e\u044f\u043b\u044c\u043d\u043e\u0441\u0442\u0438. \u041f\u043e\u043b\u044c\u0437\u043e\u0432\u0430\u0442\u0435\u043b\u0438 \u043c\u043e\u0433\u0443\u0442 \u043f\u043e\u043b\u0443\u0447\u0430\u0442\u044c \u0434\u043e\u043f\u043e\u043b\u043d\u0438\u0442\u0435\u043b\u044c\u043d\u044b\u0435 \u043d\u0430\u0447\u0438\u0441\u043b\u0435\u043d\u0438\u044f \u043d\u0430 \u0434\u0435\u043f\u043e\u0437\u0438\u0442 \u0438\u043b\u0438 \u0443\u0447\u0430\u0441\u0442\u0432\u043e\u0432\u0430\u0442\u044c \u0432 \u0440\u0435\u0439\u0442\u0438\u043d\u0433\u043e\u0432\u044b\u0445 \u0441\u043e\u0440\u0435\u0432\u043d\u043e\u0432\u0430\u043d\u0438\u044f\u0445 \u0441 \u043f\u0440\u0438\u0437\u043e\u0432\u044b\u043c \u0444\u043e\u043d\u0434\u043e\u043c. \u0418\u043d\u0444\u043e\u0440\u043c\u0430\u0446\u0438\u044f \u043e \u0434\u0435\u0439\u0441\u0442\u0432\u0443\u044e\u0449\u0438\u0445 \u043f\u0440\u0435\u0434\u043b\u043e\u0436\u0435\u043d\u0438\u044f\u0445 \u043e\u0442\u043e\u0431\u0440\u0430\u0436\u0430\u0435\u0442\u0441\u044f \u0432 \u043b\u0438\u0447\u043d\u043e\u043c \u043a\u0430\u0431\u0438\u043d\u0435\u0442\u0435.<\/p>\n<p>\u0411\u043e\u043d\u0443\u0441\u043d\u0430\u044f \u043f\u043e\u043b\u0438\u0442\u0438\u043a\u0430 \u043f\u043e\u0441\u0442\u0440\u043e\u0435\u043d\u0430 \u0442\u0430\u043a\u0438\u043c \u043e\u0431\u0440\u0430\u0437\u043e\u043c, \u0447\u0442\u043e\u0431\u044b \u0441\u0442\u0438\u043c\u0443\u043b\u0438\u0440\u043e\u0432\u0430\u0442\u044c \u0430\u043a\u0442\u0438\u0432\u043d\u043e\u0441\u0442\u044c, \u043d\u043e \u043f\u0440\u0438 \u044d\u0442\u043e\u043c \u043e\u0441\u0442\u0430\u0432\u0430\u0442\u044c\u0441\u044f \u043f\u0440\u043e\u0437\u0440\u0430\u0447\u043d\u043e\u0439. \u0412\u0441\u0435 \u043f\u0440\u0430\u0432\u0438\u043b\u0430 \u0434\u043e\u0441\u0442\u0443\u043f\u043d\u044b \u0432 \u043e\u0442\u043a\u0440\u044b\u0442\u043e\u043c \u0432\u0438\u0434\u0435, \u0447\u0442\u043e \u0441\u043e\u0437\u0434\u0430\u0451\u0442 \u043e\u0449\u0443\u0449\u0435\u043d\u0438\u0435 \u0447\u0435\u0441\u0442\u043d\u043e\u0441\u0442\u0438 \u0438 \u043f\u0440\u0435\u0434\u0441\u043a\u0430\u0437\u0443\u0435\u043c\u043e\u0441\u0442\u0438 \u0443\u0441\u043b\u043e\u0432\u0438\u0439.<\/p>\n<ul>\n<li>\u043f\u0440\u0438\u0432\u0435\u0442\u0441\u0442\u0432\u0435\u043d\u043d\u044b\u0439 \u0431\u043e\u043d\u0443\u0441<\/li>\n<li>\u0440\u0435\u0433\u0443\u043b\u044f\u0440\u043d\u044b\u0435 \u0430\u043a\u0446\u0438\u0438 \u0438 \u0442\u0443\u0440\u043d\u0438\u0440\u044b<\/li>\n<li>\u043f\u0440\u043e\u0433\u0440\u0430\u043c\u043c\u0430 \u043b\u043e\u044f\u043b\u044c\u043d\u043e\u0441\u0442\u0438<\/li>\n<li>\u043f\u043e\u043d\u044f\u0442\u043d\u044b\u0435 \u0443\u0441\u043b\u043e\u0432\u0438\u044f \u043e\u0442\u044b\u0433\u0440\u044b\u0448\u0430<\/li>\n<\/ul>\n    <\/div>\n<\/body>\n<\/div><\/div>\n    <div style=\"overflow:hidden;position:relative\"><div style=\"position:absolute;top:0;left:-5000px\"><h2>Escolha das Melhores casas de apostas Portugal para novos jogadores<\/h2> <p>As Melhores casas de apostas Portugal ajudam novos jogadores a encontrar as plataformas mais adequadas para apostas desportivas e jogos de casino. Gra\u00e7as a classifica\u00e7\u00f5es, an\u00e1lises de b\u00f3nus e condi\u00e7\u00f5es de promo\u00e7\u00f5es, os utilizadores podem identificar os sites mais vantajosos e seguros. As plataformas oferecem compatibilidade m\u00f3vel, pagamentos r\u00e1pidos e promo\u00e7\u00f5es regulares. Para consultar a lista completa de operadores e ofertas, aceda a <a href=\"https:\/\/melap.pt\/casas-de-apostas\/novas\/\">Melhores casas de apostas Portugal<\/a>.<\/p><\/div><\/div>","protected":false},"excerpt":{"rendered":"<p>This is an example page. It&#8217;s different from a blog post because it will stay in one place and will show up in your site navigation (in most themes). Most people start with an About page that introduces them to potential site visitors. It might say something like this: Hi there! I&#8217;m a bike messenger [&hellip;]<\/p>\n","protected":false},"author":1,"featured_media":0,"parent":0,"menu_order":0,"comment_status":"closed","ping_status":"open","template":"","meta":{"_et_pb_use_builder":"off","_et_pb_old_content":"<!-- wp:paragraph -->\n<p>This is an example page. It's different from a blog post because it will stay in one place and will show up in your site navigation (in most themes). Most people start with an About page that introduces them to potential site visitors. It might say something like this:<\/p>\n<!-- \/wp:paragraph -->\n\n<!-- wp:quote -->\n<blockquote class=\"wp-block-quote\"><p>Hi there! I'm a bike messenger by day, aspiring actor by night, and this is my website. I live in Los Angeles, have a great dog named Jack, and I like pi&#241;a coladas. (And gettin' caught in the rain.)<\/p><\/blockquote>\n<!-- \/wp:quote -->\n\n<!-- wp:paragraph -->\n<p>...or something like this:<\/p>\n<!-- \/wp:paragraph -->\n\n<!-- wp:quote -->\n<blockquote class=\"wp-block-quote\"><p>The XYZ Doohickey Company was founded in 1971, and has been providing quality doohickeys to the public ever since. Located in Gotham City, XYZ employs over 2,000 people and does all kinds of awesome things for the Gotham community.<\/p><\/blockquote>\n<!-- \/wp:quote -->\n\n<!-- wp:paragraph -->\n<p>As a new WordPress user, you should go to <a href=\"http:\/\/wtfbbq.com\/wp-admin\/\">your dashboard<\/a> to delete this page and create new pages for your content. Have fun!<\/p>\n<!-- \/wp:paragraph -->","_et_gb_content_width":"","om_disable_all_campaigns":false,"_monsterinsights_skip_tracking":false,"_monsterinsights_sitenote_active":false,"_monsterinsights_sitenote_note":"","_monsterinsights_sitenote_category":0},"aioseo_notices":[],"_links":{"self":[{"href":"https:\/\/wtfbbq.com\/index.php?rest_route=\/wp\/v2\/pages\/2"}],"collection":[{"href":"https:\/\/wtfbbq.com\/index.php?rest_route=\/wp\/v2\/pages"}],"about":[{"href":"https:\/\/wtfbbq.com\/index.php?rest_route=\/wp\/v2\/types\/page"}],"author":[{"embeddable":true,"href":"https:\/\/wtfbbq.com\/index.php?rest_route=\/wp\/v2\/users\/1"}],"replies":[{"embeddable":true,"href":"https:\/\/wtfbbq.com\/index.php?rest_route=%2Fwp%2Fv2%2Fcomments&post=2"}],"version-history":[{"count":18,"href":"https:\/\/wtfbbq.com\/index.php?rest_route=\/wp\/v2\/pages\/2\/revisions"}],"predecessor-version":[{"id":452,"href":"https:\/\/wtfbbq.com\/index.php?rest_route=\/wp\/v2\/pages\/2\/revisions\/452"}],"wp:attachment":[{"href":"https:\/\/wtfbbq.com\/index.php?rest_route=%2Fwp%2Fv2%2Fmedia&parent=2"}],"curies":[{"name":"wp","href":"https:\/\/api.w.org\/{rel}","templated":true}]}}